{"id":15940,"date":"2025-09-15T18:51:51","date_gmt":"2025-09-15T18:51:51","guid":{"rendered":"https:\/\/lightslategrey-duck-168277.hostingersite.com\/?post_type=product&#038;p=15940"},"modified":"2026-04-06T13:46:33","modified_gmt":"2026-04-06T13:46:33","slug":"solido-n-100","status":"publish","type":"product","link":"https:\/\/schockegypt.com\/ar\/product\/solido-n-100\/","title":{"rendered":"SOLIDO N-100"},"content":{"rendered":"<p>\u062d\u062c\u0645 \u0627\u0644\u062e\u0632\u0627\u0646\u0629: 60 \u0633\u0645<\/p>\n<p>\u062d\u062c\u0645 \u0627\u0644\u0641\u062a\u062d\u0629 \u0644\u0644\u062a\u0631\u0643\u064a\u0628 \u0627\u0644\u0633\u0641\u0644\u064a (Undermount): 490 \u00d7 370 \u0645\u0645<\/p>\n<p>\u062d\u062c\u0645 \u0627\u0644\u062d\u0648\u0636: 490 \u00d7 370 \u00d7 200 \u0645\u0645<\/p>\n<p>\u0627\u0644\u0645\u0627\u062f\u0629: \u0643\u0648\u0627\u0631\u062a\u0632<\/p>\n<p>\u0627\u0644\u0636\u0645\u0627\u0646: \u0633\u0646\u062a\u0627\u0646<\/p>\n<p>&nbsp;<\/p>","protected":false},"excerpt":{"rendered":"<p>Cabinet size: 60 cm Cut-out size undermount: 490mm\u00d7370mm Bowl size: 490mm\u00d7370mm\u00d7200mm Material: Quartz Warrenty: 2 Years &nbsp;<\/p>","protected":false},"featured_media":16237,"comment_status":"open","ping_status":"closed","template":"","meta":[],"product_brand":[],"product_cat":[357,377],"product_tag":[],"class_list":{"0":"post-15940","1":"product","2":"type-product","3":"status-publish","4":"has-post-thumbnail","6":"product_cat-one-bowl","7":"product_cat-solido","9":"first","10":"instock","11":"sale","12":"shipping-taxable","13":"purchasable","14":"product-type-variable","15":"has-default-attributes"},"jetpack_sharing_enabled":true,"_links":{"self":[{"href":"https:\/\/schockegypt.com\/ar\/wp-json\/wp\/v2\/product\/15940","targetHints":{"allow":["GET"]}}],"collection":[{"href":"https:\/\/schockegypt.com\/ar\/wp-json\/wp\/v2\/product"}],"about":[{"href":"https:\/\/schockegypt.com\/ar\/wp-json\/wp\/v2\/types\/product"}],"replies":[{"embeddable":true,"href":"https:\/\/schockegypt.com\/ar\/wp-json\/wp\/v2\/comments?post=15940"}],"version-history":[{"count":3,"href":"https:\/\/schockegypt.com\/ar\/wp-json\/wp\/v2\/product\/15940\/revisions"}],"predecessor-version":[{"id":16614,"href":"https:\/\/schockegypt.com\/ar\/wp-json\/wp\/v2\/product\/15940\/revisions\/16614"}],"wp:featuredmedia":[{"embeddable":true,"href":"https:\/\/schockegypt.com\/ar\/wp-json\/wp\/v2\/media\/16237"}],"wp:attachment":[{"href":"https:\/\/schockegypt.com\/ar\/wp-json\/wp\/v2\/media?parent=15940"}],"wp:term":[{"taxonomy":"product_brand","embeddable":true,"href":"https:\/\/schockegypt.com\/ar\/wp-json\/wp\/v2\/product_brand?post=15940"},{"taxonomy":"product_cat","embeddable":true,"href":"https:\/\/schockegypt.com\/ar\/wp-json\/wp\/v2\/product_cat?post=15940"},{"taxonomy":"product_tag","embeddable":true,"href":"https:\/\/schockegypt.com\/ar\/wp-json\/wp\/v2\/product_tag?post=15940"}],"curies":[{"name":"wp","href":"https:\/\/api.w.org\/{rel}","templated":true}]}}